{"id":6819,"date":"2025-07-01T17:27:17","date_gmt":"2025-07-01T17:27:17","guid":{"rendered":"https:\/\/oceanviewtenerife.es\/?post_type=product&#038;p=6819"},"modified":"2025-07-04T16:41:41","modified_gmt":"2025-07-04T16:41:41","slug":"villa-903","status":"publish","type":"product","link":"https:\/\/oceanviewtenerife.es\/en\/producto\/villa-903\/","title":{"rendered":"Villa 903"},"content":{"rendered":"<p><strong>Villa 903 (ES)<\/strong><\/p>\n<p>La Villa Ocean Dreamscape es tu escapada con estilo en San Eugenio Alto, sobre Playa de las Am\u00e9ricas. Espaciosa y decorada con gusto al estilo cl\u00e1sico espa\u00f1ol, con acabados de alta calidad y una impresionante vista al mar. Tranquila pero cerca de playas, restaurantes y vida nocturna. Ideal para familias, parejas o escapadas relajantes. La comodidad de Tenerife con el encanto aut\u00e9ntico.<\/p>\n<p>2 dormitorios, 3 ba\u00f1os, sal\u00f3n con sof\u00e1 (m\u00e1ximo 6 personas)<\/p>\n<p>&nbsp;<\/p>\n<p><strong>Villa 903 (EN)<\/strong><\/p>\n<p>Ocean Dreamscape Villa is your stylish escape in San Eugenio Alto, above Playa de las Am\u00e9ricas. Spacious and tastefully decorated in classically Spanish style, with high-quality finishes and a breathtaking ocean view. Peaceful yet close to beaches, restaurants, and nightlife. Ideal for families, couples, or relaxing getaways. Tenerife comfort with authentic charm.<\/p>\n<p>2 bedrooms, 3 bathrooms, one living room with sof\u00e1 (6 guests max)<\/p>\n<p>&nbsp;<\/p>\n","protected":false},"excerpt":{"rendered":"<p><strong>Villa 903 (ES)<\/strong><\/p>\n<p>La Villa Ocean Dreamscape es tu escapada con estilo en San Eugenio Alto, sobre Playa de las Am\u00e9ricas. Espaciosa y decorada con gusto al estilo cl\u00e1sico espa\u00f1ol, con acabados de alta calidad y una impresionante vista al mar. Tranquila pero cerca de playas, restaurantes y vida nocturna. Ideal para familias, parejas o escapadas relajantes. La comodidad de Tenerife con el encanto aut\u00e9ntico.<\/p>\n<p>2 dormitorios, 3 ba\u00f1os, sal\u00f3n con sof\u00e1 (m\u00e1ximo 6 personas)<\/p>\n<p>&nbsp;<\/p>\n<p><strong>Villa 903 (EN)<\/strong><\/p>\n<p>Ocean Dreamscape Villa is your stylish escape in San Eugenio Alto, above Playa de las Am\u00e9ricas. Spacious and tastefully decorated in classically Spanish style, with high-quality finishes and a breathtaking ocean view. Peaceful yet close to beaches, restaurants, and nightlife. Ideal for families, couples, or relaxing getaways. Tenerife comfort with authentic charm.<\/p>\n<p>2 bedrooms, 3 bathrooms, one living room with sof\u00e1 (6 guests max)<\/p>\n","protected":false},"featured_media":6927,"comment_status":"open","ping_status":"closed","template":"","meta":[],"product_cat":[63],"product_tag":[],"yoast_head":"<!-- This site is optimized with the Yoast SEO plugin v21.1 - https:\/\/yoast.com\/wordpress\/plugins\/seo\/ -->\n<title>Villa 903 - oceanviewtenerife.es<\/title>\n<meta name=\"robots\" content=\"index, follow, max-snippet:-1, max-image-preview:large, max-video-preview:-1\" \/>\n<link rel=\"canonical\" href=\"https:\/\/oceanviewtenerife.es\/producto\/villa-903\/\" \/>\n<meta property=\"og:locale\" content=\"en_US\" \/>\n<meta property=\"og:type\" content=\"article\" \/>\n<meta property=\"og:title\" content=\"Villa 903 - oceanviewtenerife.es\" \/>\n<meta property=\"og:description\" content=\"Villa 903 (ES)  La Villa Ocean Dreamscape es tu escapada con estilo en San Eugenio Alto, sobre Playa de las Am\u00e9ricas. Espaciosa y decorada con gusto al estilo cl\u00e1sico espa\u00f1ol, con acabados de alta calidad y una impresionante vista al mar. Tranquila pero cerca de playas, restaurantes y vida nocturna. Ideal para familias, parejas o escapadas relajantes. La comodidad de Tenerife con el encanto aut\u00e9ntico.  2 dormitorios, 3 ba\u00f1os, sal\u00f3n con sof\u00e1 (m\u00e1ximo 6 personas)  &nbsp;  Villa 903 (EN)  Ocean Dreamscape Villa is your stylish escape in San Eugenio Alto, above Playa de las Am\u00e9ricas. Spacious and tastefully decorated in classically Spanish style, with high-quality finishes and a breathtaking ocean view. Peaceful yet close to beaches, restaurants, and nightlife. Ideal for families, couples, or relaxing getaways. Tenerife comfort with authentic charm.  2 bedrooms, 3 bathrooms, one living room with sof\u00e1 (6 guests max)\" \/>\n<meta property=\"og:url\" content=\"https:\/\/oceanviewtenerife.es\/producto\/villa-903\/\" \/>\n<meta property=\"og:site_name\" content=\"oceanviewtenerife.es\" \/>\n<meta property=\"article:modified_time\" content=\"2025-07-04T16:41:41+00:00\" \/>\n<meta property=\"og:image\" content=\"https:\/\/oceanviewtenerife.es\/wp-content\/uploads\/2025\/07\/903f.jpg\" \/>\n\t<meta property=\"og:image:width\" content=\"1024\" \/>\n\t<meta property=\"og:image:height\" content=\"717\" \/>\n\t<meta property=\"og:image:type\" content=\"image\/jpeg\" \/>\n<meta name=\"twitter:card\" content=\"summary_large_image\" \/>\n<meta name=\"twitter:label1\" content=\"Est. reading time\" \/>\n\t<meta name=\"twitter:data1\" content=\"1 minute\" \/>\n<script type=\"application\/ld+json\" class=\"yoast-schema-graph\">{\"@context\":\"https:\/\/schema.org\",\"@graph\":[{\"@type\":\"WebPage\",\"@id\":\"https:\/\/oceanviewtenerife.es\/producto\/villa-903\/\",\"url\":\"https:\/\/oceanviewtenerife.es\/producto\/villa-903\/\",\"name\":\"Villa 903 - oceanviewtenerife.es\",\"isPartOf\":{\"@id\":\"https:\/\/oceanviewtenerife.es\/#website\"},\"datePublished\":\"2025-07-01T17:27:17+00:00\",\"dateModified\":\"2025-07-04T16:41:41+00:00\",\"breadcrumb\":{\"@id\":\"https:\/\/oceanviewtenerife.es\/producto\/villa-903\/#breadcrumb\"},\"inLanguage\":\"en-US\",\"potentialAction\":[{\"@type\":\"ReadAction\",\"target\":[\"https:\/\/oceanviewtenerife.es\/producto\/villa-903\/\"]}]},{\"@type\":\"BreadcrumbList\",\"@id\":\"https:\/\/oceanviewtenerife.es\/producto\/villa-903\/#breadcrumb\",\"itemListElement\":[{\"@type\":\"ListItem\",\"position\":1,\"name\":\"Portada\",\"item\":\"https:\/\/oceanviewtenerife.es\/\"},{\"@type\":\"ListItem\",\"position\":2,\"name\":\"Tienda\",\"item\":\"https:\/\/oceanviewtenerife.es\/tienda\/\"},{\"@type\":\"ListItem\",\"position\":3,\"name\":\"Villa 903\"}]},{\"@type\":\"WebSite\",\"@id\":\"https:\/\/oceanviewtenerife.es\/#website\",\"url\":\"https:\/\/oceanviewtenerife.es\/\",\"name\":\"oceanviewtenerife.es\",\"description\":\"Tu mejor vista al mar\",\"publisher\":{\"@id\":\"https:\/\/oceanviewtenerife.es\/#organization\"},\"potentialAction\":[{\"@type\":\"SearchAction\",\"target\":{\"@type\":\"EntryPoint\",\"urlTemplate\":\"https:\/\/oceanviewtenerife.es\/?s={search_term_string}\"},\"query-input\":\"required name=search_term_string\"}],\"inLanguage\":\"en-US\"},{\"@type\":\"Organization\",\"@id\":\"https:\/\/oceanviewtenerife.es\/#organization\",\"name\":\"oceanviewtenerife.es\",\"url\":\"https:\/\/oceanviewtenerife.es\/\",\"logo\":{\"@type\":\"ImageObject\",\"inLanguage\":\"en-US\",\"@id\":\"https:\/\/oceanviewtenerife.es\/#\/schema\/logo\/image\/\",\"url\":\"https:\/\/oceanviewtenerife.es\/wp-content\/uploads\/2023\/09\/logo200x.png\",\"contentUrl\":\"https:\/\/oceanviewtenerife.es\/wp-content\/uploads\/2023\/09\/logo200x.png\",\"width\":200,\"height\":167,\"caption\":\"oceanviewtenerife.es\"},\"image\":{\"@id\":\"https:\/\/oceanviewtenerife.es\/#\/schema\/logo\/image\/\"}}]}<\/script>\n<!-- \/ Yoast SEO plugin. -->","yoast_head_json":{"title":"Villa 903 - oceanviewtenerife.es","robots":{"index":"index","follow":"follow","max-snippet":"max-snippet:-1","max-image-preview":"max-image-preview:large","max-video-preview":"max-video-preview:-1"},"canonical":"https:\/\/oceanviewtenerife.es\/producto\/villa-903\/","og_locale":"en_US","og_type":"article","og_title":"Villa 903 - oceanviewtenerife.es","og_description":"Villa 903 (ES)  La Villa Ocean Dreamscape es tu escapada con estilo en San Eugenio Alto, sobre Playa de las Am\u00e9ricas. Espaciosa y decorada con gusto al estilo cl\u00e1sico espa\u00f1ol, con acabados de alta calidad y una impresionante vista al mar. Tranquila pero cerca de playas, restaurantes y vida nocturna. Ideal para familias, parejas o escapadas relajantes. La comodidad de Tenerife con el encanto aut\u00e9ntico.  2 dormitorios, 3 ba\u00f1os, sal\u00f3n con sof\u00e1 (m\u00e1ximo 6 personas)  &nbsp;  Villa 903 (EN)  Ocean Dreamscape Villa is your stylish escape in San Eugenio Alto, above Playa de las Am\u00e9ricas. Spacious and tastefully decorated in classically Spanish style, with high-quality finishes and a breathtaking ocean view. Peaceful yet close to beaches, restaurants, and nightlife. Ideal for families, couples, or relaxing getaways. Tenerife comfort with authentic charm.  2 bedrooms, 3 bathrooms, one living room with sof\u00e1 (6 guests max)","og_url":"https:\/\/oceanviewtenerife.es\/producto\/villa-903\/","og_site_name":"oceanviewtenerife.es","article_modified_time":"2025-07-04T16:41:41+00:00","og_image":[{"width":1024,"height":717,"url":"https:\/\/oceanviewtenerife.es\/wp-content\/uploads\/2025\/07\/903f.jpg","type":"image\/jpeg"}],"twitter_card":"summary_large_image","twitter_misc":{"Est. reading time":"1 minute"},"schema":{"@context":"https:\/\/schema.org","@graph":[{"@type":"WebPage","@id":"https:\/\/oceanviewtenerife.es\/producto\/villa-903\/","url":"https:\/\/oceanviewtenerife.es\/producto\/villa-903\/","name":"Villa 903 - oceanviewtenerife.es","isPartOf":{"@id":"https:\/\/oceanviewtenerife.es\/#website"},"datePublished":"2025-07-01T17:27:17+00:00","dateModified":"2025-07-04T16:41:41+00:00","breadcrumb":{"@id":"https:\/\/oceanviewtenerife.es\/producto\/villa-903\/#breadcrumb"},"inLanguage":"en-US","potentialAction":[{"@type":"ReadAction","target":["https:\/\/oceanviewtenerife.es\/producto\/villa-903\/"]}]},{"@type":"BreadcrumbList","@id":"https:\/\/oceanviewtenerife.es\/producto\/villa-903\/#breadcrumb","itemListElement":[{"@type":"ListItem","position":1,"name":"Portada","item":"https:\/\/oceanviewtenerife.es\/"},{"@type":"ListItem","position":2,"name":"Tienda","item":"https:\/\/oceanviewtenerife.es\/tienda\/"},{"@type":"ListItem","position":3,"name":"Villa 903"}]},{"@type":"WebSite","@id":"https:\/\/oceanviewtenerife.es\/#website","url":"https:\/\/oceanviewtenerife.es\/","name":"oceanviewtenerife.es","description":"Tu mejor vista al mar","publisher":{"@id":"https:\/\/oceanviewtenerife.es\/#organization"},"potentialAction":[{"@type":"SearchAction","target":{"@type":"EntryPoint","urlTemplate":"https:\/\/oceanviewtenerife.es\/?s={search_term_string}"},"query-input":"required name=search_term_string"}],"inLanguage":"en-US"},{"@type":"Organization","@id":"https:\/\/oceanviewtenerife.es\/#organization","name":"oceanviewtenerife.es","url":"https:\/\/oceanviewtenerife.es\/","logo":{"@type":"ImageObject","inLanguage":"en-US","@id":"https:\/\/oceanviewtenerife.es\/#\/schema\/logo\/image\/","url":"https:\/\/oceanviewtenerife.es\/wp-content\/uploads\/2023\/09\/logo200x.png","contentUrl":"https:\/\/oceanviewtenerife.es\/wp-content\/uploads\/2023\/09\/logo200x.png","width":200,"height":167,"caption":"oceanviewtenerife.es"},"image":{"@id":"https:\/\/oceanviewtenerife.es\/#\/schema\/logo\/image\/"}}]}},"_links":{"self":[{"href":"https:\/\/oceanviewtenerife.es\/en\/wp-json\/wp\/v2\/product\/6819"}],"collection":[{"href":"https:\/\/oceanviewtenerife.es\/en\/wp-json\/wp\/v2\/product"}],"about":[{"href":"https:\/\/oceanviewtenerife.es\/en\/wp-json\/wp\/v2\/types\/product"}],"replies":[{"embeddable":true,"href":"https:\/\/oceanviewtenerife.es\/en\/wp-json\/wp\/v2\/comments?post=6819"}],"wp:featuredmedia":[{"embeddable":true,"href":"https:\/\/oceanviewtenerife.es\/en\/wp-json\/wp\/v2\/media\/6927"}],"wp:attachment":[{"href":"https:\/\/oceanviewtenerife.es\/en\/wp-json\/wp\/v2\/media?parent=6819"}],"wp:term":[{"taxonomy":"product_cat","embeddable":true,"href":"https:\/\/oceanviewtenerife.es\/en\/wp-json\/wp\/v2\/product_cat?post=6819"},{"taxonomy":"product_tag","embeddable":true,"href":"https:\/\/oceanviewtenerife.es\/en\/wp-json\/wp\/v2\/product_tag?post=6819"}],"curies":[{"name":"wp","href":"https:\/\/api.w.org\/{rel}","templated":true}]}}