{"id":6658,"date":"2025-07-01T16:36:49","date_gmt":"2025-07-01T16:36:49","guid":{"rendered":"https:\/\/oceanviewtenerife.es\/?post_type=product&#038;p=6658"},"modified":"2025-07-04T16:40:36","modified_gmt":"2025-07-04T16:40:36","slug":"apt-oasis-3f","status":"publish","type":"product","link":"https:\/\/oceanviewtenerife.es\/en\/producto\/apt-oasis-3f\/","title":{"rendered":"Apt Oasis 3f"},"content":{"rendered":"<p><strong>Apt Oasis 3f (ES)<\/strong><\/p>\n<p>Moderno apartamento de lujo reci\u00e9n reformado en Costa Adeje con impresionantes vistas al mar. Este elegante espacio ofrece comodidades premium, un dise\u00f1o elegante y un ambiente tranquilo. Perfecto para quienes buscan una combinaci\u00f3n de comodidad y elegancia, a pocos pasos de la playa y las principales atracciones. Ideal para una escapada tranquila o una escapada de lujo junto al mar.<\/p>\n<p>1 dormitorio, 1 sal\u00f3n con sof\u00e1 cama (m\u00e1ximo 4 personas)<\/p>\n<p>&nbsp;<\/p>\n<p><strong>Apt Oasis 3f (EN)<\/strong><\/p>\n<p>Modern, newly renovated luxury apartment in Costa Adeje with stunning ocean views. This stylish space offers premium amenities, sleek design, and a tranquil ambiance. Perfect for those seeking a blend of comfort and elegance, just moments from the beach and top attractions. Ideal for a serene getaway or a luxurious escape by the sea.<\/p>\n<p>1 bedroom 1 living room with one sof\u00e1 bed (4 guest max)<\/p>\n","protected":false},"excerpt":{"rendered":"<p><strong>Apt Oasis 3f (ES)<\/strong><\/p>\n<p>Moderno apartamento de lujo reci\u00e9n reformado en Costa Adeje con impresionantes vistas al mar. Este elegante espacio ofrece comodidades premium, un dise\u00f1o elegante y un ambiente tranquilo. Perfecto para quienes buscan una combinaci\u00f3n de comodidad y elegancia, a pocos pasos de la playa y las principales atracciones. Ideal para una escapada tranquila o una escapada de lujo junto al mar.<\/p>\n<p>1 dormitorio, 1 sal\u00f3n con sof\u00e1 cama (m\u00e1ximo 4 personas)<\/p>\n<p>&nbsp;<\/p>\n<p><strong>Apt Oasis 3f (EN)<\/strong><\/p>\n<p>Modern, newly renovated luxury apartment in Costa Adeje with stunning ocean views. This stylish space offers premium amenities, sleek design, and a tranquil ambiance. Perfect for those seeking a blend of comfort and elegance, just moments from the beach and top attractions. Ideal for a serene getaway or a luxurious escape by the sea.<\/p>\n<p>1 bedroom 1 living room with one sof\u00e1 bed (4 guest max)<\/p>\n","protected":false},"featured_media":6659,"comment_status":"open","ping_status":"closed","template":"","meta":[],"product_cat":[43],"product_tag":[],"yoast_head":"<!-- This site is optimized with the Yoast SEO plugin v21.1 - https:\/\/yoast.com\/wordpress\/plugins\/seo\/ -->\n<title>Apt Oasis 3f - oceanviewtenerife.es<\/title>\n<meta name=\"robots\" content=\"index, follow, max-snippet:-1, max-image-preview:large, max-video-preview:-1\" \/>\n<link rel=\"canonical\" href=\"https:\/\/oceanviewtenerife.es\/producto\/apt-oasis-3f\/\" \/>\n<meta property=\"og:locale\" content=\"en_US\" \/>\n<meta property=\"og:type\" content=\"article\" \/>\n<meta property=\"og:title\" content=\"Apt Oasis 3f - oceanviewtenerife.es\" \/>\n<meta property=\"og:description\" content=\"Apt Oasis 3f (ES)  Moderno apartamento de lujo reci\u00e9n reformado en Costa Adeje con impresionantes vistas al mar. Este elegante espacio ofrece comodidades premium, un dise\u00f1o elegante y un ambiente tranquilo. Perfecto para quienes buscan una combinaci\u00f3n de comodidad y elegancia, a pocos pasos de la playa y las principales atracciones. Ideal para una escapada tranquila o una escapada de lujo junto al mar.  1 dormitorio, 1 sal\u00f3n con sof\u00e1 cama (m\u00e1ximo 4 personas)  &nbsp;  Apt Oasis 3f (EN)  Modern, newly renovated luxury apartment in Costa Adeje with stunning ocean views. This stylish space offers premium amenities, sleek design, and a tranquil ambiance. Perfect for those seeking a blend of comfort and elegance, just moments from the beach and top attractions. Ideal for a serene getaway or a luxurious escape by the sea.  1 bedroom 1 living room with one sof\u00e1 bed (4 guest max)\" \/>\n<meta property=\"og:url\" content=\"https:\/\/oceanviewtenerife.es\/producto\/apt-oasis-3f\/\" \/>\n<meta property=\"og:site_name\" content=\"oceanviewtenerife.es\" \/>\n<meta property=\"article:modified_time\" content=\"2025-07-04T16:40:36+00:00\" \/>\n<meta property=\"og:image\" content=\"https:\/\/oceanviewtenerife.es\/wp-content\/uploads\/2025\/07\/apt-oasis-3f-11.jpeg\" \/>\n\t<meta property=\"og:image:width\" content=\"1152\" \/>\n\t<meta property=\"og:image:height\" content=\"768\" \/>\n\t<meta property=\"og:image:type\" content=\"image\/jpeg\" \/>\n<meta name=\"twitter:card\" content=\"summary_large_image\" \/>\n<meta name=\"twitter:label1\" content=\"Est. reading time\" \/>\n\t<meta name=\"twitter:data1\" content=\"1 minute\" \/>\n<script type=\"application\/ld+json\" class=\"yoast-schema-graph\">{\"@context\":\"https:\/\/schema.org\",\"@graph\":[{\"@type\":\"WebPage\",\"@id\":\"https:\/\/oceanviewtenerife.es\/producto\/apt-oasis-3f\/\",\"url\":\"https:\/\/oceanviewtenerife.es\/producto\/apt-oasis-3f\/\",\"name\":\"Apt Oasis 3f - oceanviewtenerife.es\",\"isPartOf\":{\"@id\":\"https:\/\/oceanviewtenerife.es\/#website\"},\"datePublished\":\"2025-07-01T16:36:49+00:00\",\"dateModified\":\"2025-07-04T16:40:36+00:00\",\"breadcrumb\":{\"@id\":\"https:\/\/oceanviewtenerife.es\/producto\/apt-oasis-3f\/#breadcrumb\"},\"inLanguage\":\"en-US\",\"potentialAction\":[{\"@type\":\"ReadAction\",\"target\":[\"https:\/\/oceanviewtenerife.es\/producto\/apt-oasis-3f\/\"]}]},{\"@type\":\"BreadcrumbList\",\"@id\":\"https:\/\/oceanviewtenerife.es\/producto\/apt-oasis-3f\/#breadcrumb\",\"itemListElement\":[{\"@type\":\"ListItem\",\"position\":1,\"name\":\"Portada\",\"item\":\"https:\/\/oceanviewtenerife.es\/\"},{\"@type\":\"ListItem\",\"position\":2,\"name\":\"Tienda\",\"item\":\"https:\/\/oceanviewtenerife.es\/tienda\/\"},{\"@type\":\"ListItem\",\"position\":3,\"name\":\"Apt Oasis 3f\"}]},{\"@type\":\"WebSite\",\"@id\":\"https:\/\/oceanviewtenerife.es\/#website\",\"url\":\"https:\/\/oceanviewtenerife.es\/\",\"name\":\"oceanviewtenerife.es\",\"description\":\"Tu mejor vista al mar\",\"publisher\":{\"@id\":\"https:\/\/oceanviewtenerife.es\/#organization\"},\"potentialAction\":[{\"@type\":\"SearchAction\",\"target\":{\"@type\":\"EntryPoint\",\"urlTemplate\":\"https:\/\/oceanviewtenerife.es\/?s={search_term_string}\"},\"query-input\":\"required name=search_term_string\"}],\"inLanguage\":\"en-US\"},{\"@type\":\"Organization\",\"@id\":\"https:\/\/oceanviewtenerife.es\/#organization\",\"name\":\"oceanviewtenerife.es\",\"url\":\"https:\/\/oceanviewtenerife.es\/\",\"logo\":{\"@type\":\"ImageObject\",\"inLanguage\":\"en-US\",\"@id\":\"https:\/\/oceanviewtenerife.es\/#\/schema\/logo\/image\/\",\"url\":\"https:\/\/oceanviewtenerife.es\/wp-content\/uploads\/2023\/09\/logo200x.png\",\"contentUrl\":\"https:\/\/oceanviewtenerife.es\/wp-content\/uploads\/2023\/09\/logo200x.png\",\"width\":200,\"height\":167,\"caption\":\"oceanviewtenerife.es\"},\"image\":{\"@id\":\"https:\/\/oceanviewtenerife.es\/#\/schema\/logo\/image\/\"}}]}<\/script>\n<!-- \/ Yoast SEO plugin. -->","yoast_head_json":{"title":"Apt Oasis 3f - oceanviewtenerife.es","robots":{"index":"index","follow":"follow","max-snippet":"max-snippet:-1","max-image-preview":"max-image-preview:large","max-video-preview":"max-video-preview:-1"},"canonical":"https:\/\/oceanviewtenerife.es\/producto\/apt-oasis-3f\/","og_locale":"en_US","og_type":"article","og_title":"Apt Oasis 3f - oceanviewtenerife.es","og_description":"Apt Oasis 3f (ES)  Moderno apartamento de lujo reci\u00e9n reformado en Costa Adeje con impresionantes vistas al mar. Este elegante espacio ofrece comodidades premium, un dise\u00f1o elegante y un ambiente tranquilo. Perfecto para quienes buscan una combinaci\u00f3n de comodidad y elegancia, a pocos pasos de la playa y las principales atracciones. Ideal para una escapada tranquila o una escapada de lujo junto al mar.  1 dormitorio, 1 sal\u00f3n con sof\u00e1 cama (m\u00e1ximo 4 personas)  &nbsp;  Apt Oasis 3f (EN)  Modern, newly renovated luxury apartment in Costa Adeje with stunning ocean views. This stylish space offers premium amenities, sleek design, and a tranquil ambiance. Perfect for those seeking a blend of comfort and elegance, just moments from the beach and top attractions. Ideal for a serene getaway or a luxurious escape by the sea.  1 bedroom 1 living room with one sof\u00e1 bed (4 guest max)","og_url":"https:\/\/oceanviewtenerife.es\/producto\/apt-oasis-3f\/","og_site_name":"oceanviewtenerife.es","article_modified_time":"2025-07-04T16:40:36+00:00","og_image":[{"width":1152,"height":768,"url":"https:\/\/oceanviewtenerife.es\/wp-content\/uploads\/2025\/07\/apt-oasis-3f-11.jpeg","type":"image\/jpeg"}],"twitter_card":"summary_large_image","twitter_misc":{"Est. reading time":"1 minute"},"schema":{"@context":"https:\/\/schema.org","@graph":[{"@type":"WebPage","@id":"https:\/\/oceanviewtenerife.es\/producto\/apt-oasis-3f\/","url":"https:\/\/oceanviewtenerife.es\/producto\/apt-oasis-3f\/","name":"Apt Oasis 3f - oceanviewtenerife.es","isPartOf":{"@id":"https:\/\/oceanviewtenerife.es\/#website"},"datePublished":"2025-07-01T16:36:49+00:00","dateModified":"2025-07-04T16:40:36+00:00","breadcrumb":{"@id":"https:\/\/oceanviewtenerife.es\/producto\/apt-oasis-3f\/#breadcrumb"},"inLanguage":"en-US","potentialAction":[{"@type":"ReadAction","target":["https:\/\/oceanviewtenerife.es\/producto\/apt-oasis-3f\/"]}]},{"@type":"BreadcrumbList","@id":"https:\/\/oceanviewtenerife.es\/producto\/apt-oasis-3f\/#breadcrumb","itemListElement":[{"@type":"ListItem","position":1,"name":"Portada","item":"https:\/\/oceanviewtenerife.es\/"},{"@type":"ListItem","position":2,"name":"Tienda","item":"https:\/\/oceanviewtenerife.es\/tienda\/"},{"@type":"ListItem","position":3,"name":"Apt Oasis 3f"}]},{"@type":"WebSite","@id":"https:\/\/oceanviewtenerife.es\/#website","url":"https:\/\/oceanviewtenerife.es\/","name":"oceanviewtenerife.es","description":"Tu mejor vista al mar","publisher":{"@id":"https:\/\/oceanviewtenerife.es\/#organization"},"potentialAction":[{"@type":"SearchAction","target":{"@type":"EntryPoint","urlTemplate":"https:\/\/oceanviewtenerife.es\/?s={search_term_string}"},"query-input":"required name=search_term_string"}],"inLanguage":"en-US"},{"@type":"Organization","@id":"https:\/\/oceanviewtenerife.es\/#organization","name":"oceanviewtenerife.es","url":"https:\/\/oceanviewtenerife.es\/","logo":{"@type":"ImageObject","inLanguage":"en-US","@id":"https:\/\/oceanviewtenerife.es\/#\/schema\/logo\/image\/","url":"https:\/\/oceanviewtenerife.es\/wp-content\/uploads\/2023\/09\/logo200x.png","contentUrl":"https:\/\/oceanviewtenerife.es\/wp-content\/uploads\/2023\/09\/logo200x.png","width":200,"height":167,"caption":"oceanviewtenerife.es"},"image":{"@id":"https:\/\/oceanviewtenerife.es\/#\/schema\/logo\/image\/"}}]}},"_links":{"self":[{"href":"https:\/\/oceanviewtenerife.es\/en\/wp-json\/wp\/v2\/product\/6658"}],"collection":[{"href":"https:\/\/oceanviewtenerife.es\/en\/wp-json\/wp\/v2\/product"}],"about":[{"href":"https:\/\/oceanviewtenerife.es\/en\/wp-json\/wp\/v2\/types\/product"}],"replies":[{"embeddable":true,"href":"https:\/\/oceanviewtenerife.es\/en\/wp-json\/wp\/v2\/comments?post=6658"}],"wp:featuredmedia":[{"embeddable":true,"href":"https:\/\/oceanviewtenerife.es\/en\/wp-json\/wp\/v2\/media\/6659"}],"wp:attachment":[{"href":"https:\/\/oceanviewtenerife.es\/en\/wp-json\/wp\/v2\/media?parent=6658"}],"wp:term":[{"taxonomy":"product_cat","embeddable":true,"href":"https:\/\/oceanviewtenerife.es\/en\/wp-json\/wp\/v2\/product_cat?post=6658"},{"taxonomy":"product_tag","embeddable":true,"href":"https:\/\/oceanviewtenerife.es\/en\/wp-json\/wp\/v2\/product_tag?post=6658"}],"curies":[{"name":"wp","href":"https:\/\/api.w.org\/{rel}","templated":true}]}}