{"id":6329,"date":"2023-09-06T20:58:06","date_gmt":"2023-09-06T20:58:06","guid":{"rendered":"https:\/\/oceanviewtenerife.es\/?post_type=product&#038;p=6329"},"modified":"2025-07-04T16:30:46","modified_gmt":"2025-07-04T16:30:46","slug":"apt-306","status":"publish","type":"product","link":"https:\/\/oceanviewtenerife.es\/en\/producto\/apt-306\/","title":{"rendered":"Apt 306"},"content":{"rendered":"<p><strong><span class=\"HwtZe\" lang=\"es\"><span class=\"jCAhz ChMk0b\"><span class=\"ryNqvb\">Apt 306 (ES)<\/span><\/span><\/span><\/strong><\/p>\n<p><span class=\"HwtZe\" lang=\"es\"><span class=\"jCAhz ChMk0b\"><span class=\"ryNqvb\">Disfrute de una estancia verdaderamente exclusiva en este elegante apartamento con una impresionante terraza de 50 m\u00b2 con vistas al Atl\u00e1ntico.<\/span><\/span> <span class=\"jCAhz ChMk0b\"><span class=\"ryNqvb\">Totalmente renovado con acabados de alta gama, ofrece la combinaci\u00f3n perfecta de estilo, comodidad y vistas panor\u00e1micas.<\/span><\/span> <span class=\"jCAhz ChMk0b\"><span class=\"ryNqvb\">Ideal para parejas o viajeros que buscan algo especial en Tenerife.<\/span><\/span><\/span><\/p>\n<p><span class=\"HwtZe\" lang=\"es\"><span class=\"jCAhz ChMk0b\"><span class=\"ryNqvb\">1 dormitorio, sal\u00f3n con sof\u00e1 cama (m\u00e1ximo 4 personas) <\/span><\/span><\/span><\/p>\n<p>&nbsp;<\/p>\n<p><strong>Apt 306 (EN)<\/strong><\/p>\n<p>Enjoy a truly exclusive stay in this elegant apartment with a stunning 50m\u00b2 terrace overlooking the Atlantic. Fully renovated with high-end finishes, it offers the perfect blend of style, comfort, and panoramic views. Ideal for couples or solo travelers seeking something special in Tenerife.<\/p>\n<p>1 bedroom 1 living room with one sof\u00e1 bed (4 guest max)<\/p>\n","protected":false},"excerpt":{"rendered":"<p><strong><span class=\"HwtZe\" lang=\"es\"><span class=\"jCAhz ChMk0b\"><span class=\"ryNqvb\">Apt 306 (ES)<\/span><\/span><\/span><\/strong><\/p>\n<p><span class=\"HwtZe\" lang=\"es\"><span class=\"jCAhz ChMk0b\"><span class=\"ryNqvb\">Disfrute de una estancia verdaderamente exclusiva en este elegante apartamento con una impresionante terraza de 50 m\u00b2 con vistas al Atl\u00e1ntico.<\/span><\/span> <span class=\"jCAhz ChMk0b\"><span class=\"ryNqvb\">Totalmente renovado con acabados de alta gama, ofrece la combinaci\u00f3n perfecta de estilo, comodidad y vistas panor\u00e1micas.<\/span><\/span> <span class=\"jCAhz ChMk0b\"><span class=\"ryNqvb\">Ideal para parejas o viajeros que buscan algo especial en Tenerife.<\/span><\/span><\/span><\/p>\n<p><span class=\"HwtZe\" lang=\"es\"><span class=\"jCAhz ChMk0b\"><span class=\"ryNqvb\">1 dormitorio, sal\u00f3n con sof\u00e1 cama (m\u00e1ximo 4 personas) <\/span><\/span><\/span><\/p>\n<p>&nbsp;<\/p>\n<p><strong>Apt 306 (EN)<\/strong><\/p>\n<p>Enjoy a truly exclusive stay in this elegant apartment with a stunning 50m\u00b2 terrace overlooking the Atlantic. Fully renovated with high-end finishes, it offers the perfect blend of style, comfort, and panoramic views. Ideal for couples or solo travelers seeking something special in Tenerife.<\/p>\n<p>1 bedroom 1 living room with one sof\u00e1 bed (4 guest max)<\/p>\n","protected":false},"featured_media":6070,"comment_status":"open","ping_status":"closed","template":"","meta":[],"product_cat":[43],"product_tag":[],"yoast_head":"<!-- This site is optimized with the Yoast SEO plugin v21.1 - https:\/\/yoast.com\/wordpress\/plugins\/seo\/ -->\n<title>Apt 306 - oceanviewtenerife.es<\/title>\n<meta name=\"robots\" content=\"index, follow, max-snippet:-1, max-image-preview:large, max-video-preview:-1\" \/>\n<link rel=\"canonical\" href=\"https:\/\/oceanviewtenerife.es\/producto\/apt-306\/\" \/>\n<meta property=\"og:locale\" content=\"en_US\" \/>\n<meta property=\"og:type\" content=\"article\" \/>\n<meta property=\"og:title\" content=\"Apt 306 - oceanviewtenerife.es\" \/>\n<meta property=\"og:description\" content=\"Apt 306 (ES)  Disfrute de una estancia verdaderamente exclusiva en este elegante apartamento con una impresionante terraza de 50 m\u00b2 con vistas al Atl\u00e1ntico. Totalmente renovado con acabados de alta gama, ofrece la combinaci\u00f3n perfecta de estilo, comodidad y vistas panor\u00e1micas. Ideal para parejas o viajeros que buscan algo especial en Tenerife.  1 dormitorio, sal\u00f3n con sof\u00e1 cama (m\u00e1ximo 4 personas)   &nbsp;  Apt 306 (EN)  Enjoy a truly exclusive stay in this elegant apartment with a stunning 50m\u00b2 terrace overlooking the Atlantic. Fully renovated with high-end finishes, it offers the perfect blend of style, comfort, and panoramic views. Ideal for couples or solo travelers seeking something special in Tenerife.  1 bedroom 1 living room with one sof\u00e1 bed (4 guest max)\" \/>\n<meta property=\"og:url\" content=\"https:\/\/oceanviewtenerife.es\/producto\/apt-306\/\" \/>\n<meta property=\"og:site_name\" content=\"oceanviewtenerife.es\" \/>\n<meta property=\"article:modified_time\" content=\"2025-07-04T16:30:46+00:00\" \/>\n<meta property=\"og:image\" content=\"https:\/\/oceanviewtenerife.es\/wp-content\/uploads\/2023\/09\/apt-306-50.jpg\" \/>\n\t<meta property=\"og:image:width\" content=\"1438\" \/>\n\t<meta property=\"og:image:height\" content=\"1080\" \/>\n\t<meta property=\"og:image:type\" content=\"image\/jpeg\" \/>\n<meta name=\"twitter:card\" content=\"summary_large_image\" \/>\n<meta name=\"twitter:label1\" content=\"Est. reading time\" \/>\n\t<meta name=\"twitter:data1\" content=\"1 minute\" \/>\n<script type=\"application\/ld+json\" class=\"yoast-schema-graph\">{\"@context\":\"https:\/\/schema.org\",\"@graph\":[{\"@type\":\"WebPage\",\"@id\":\"https:\/\/oceanviewtenerife.es\/producto\/apt-306\/\",\"url\":\"https:\/\/oceanviewtenerife.es\/producto\/apt-306\/\",\"name\":\"Apt 306 - oceanviewtenerife.es\",\"isPartOf\":{\"@id\":\"https:\/\/oceanviewtenerife.es\/#website\"},\"datePublished\":\"2023-09-06T20:58:06+00:00\",\"dateModified\":\"2025-07-04T16:30:46+00:00\",\"breadcrumb\":{\"@id\":\"https:\/\/oceanviewtenerife.es\/producto\/apt-306\/#breadcrumb\"},\"inLanguage\":\"en-US\",\"potentialAction\":[{\"@type\":\"ReadAction\",\"target\":[\"https:\/\/oceanviewtenerife.es\/producto\/apt-306\/\"]}]},{\"@type\":\"BreadcrumbList\",\"@id\":\"https:\/\/oceanviewtenerife.es\/producto\/apt-306\/#breadcrumb\",\"itemListElement\":[{\"@type\":\"ListItem\",\"position\":1,\"name\":\"Portada\",\"item\":\"https:\/\/oceanviewtenerife.es\/\"},{\"@type\":\"ListItem\",\"position\":2,\"name\":\"Tienda\",\"item\":\"https:\/\/oceanviewtenerife.es\/tienda\/\"},{\"@type\":\"ListItem\",\"position\":3,\"name\":\"Apt 306\"}]},{\"@type\":\"WebSite\",\"@id\":\"https:\/\/oceanviewtenerife.es\/#website\",\"url\":\"https:\/\/oceanviewtenerife.es\/\",\"name\":\"oceanviewtenerife.es\",\"description\":\"Tu mejor vista al mar\",\"publisher\":{\"@id\":\"https:\/\/oceanviewtenerife.es\/#organization\"},\"potentialAction\":[{\"@type\":\"SearchAction\",\"target\":{\"@type\":\"EntryPoint\",\"urlTemplate\":\"https:\/\/oceanviewtenerife.es\/?s={search_term_string}\"},\"query-input\":\"required name=search_term_string\"}],\"inLanguage\":\"en-US\"},{\"@type\":\"Organization\",\"@id\":\"https:\/\/oceanviewtenerife.es\/#organization\",\"name\":\"oceanviewtenerife.es\",\"url\":\"https:\/\/oceanviewtenerife.es\/\",\"logo\":{\"@type\":\"ImageObject\",\"inLanguage\":\"en-US\",\"@id\":\"https:\/\/oceanviewtenerife.es\/#\/schema\/logo\/image\/\",\"url\":\"https:\/\/oceanviewtenerife.es\/wp-content\/uploads\/2023\/09\/logo200x.png\",\"contentUrl\":\"https:\/\/oceanviewtenerife.es\/wp-content\/uploads\/2023\/09\/logo200x.png\",\"width\":200,\"height\":167,\"caption\":\"oceanviewtenerife.es\"},\"image\":{\"@id\":\"https:\/\/oceanviewtenerife.es\/#\/schema\/logo\/image\/\"}}]}<\/script>\n<!-- \/ Yoast SEO plugin. -->","yoast_head_json":{"title":"Apt 306 - oceanviewtenerife.es","robots":{"index":"index","follow":"follow","max-snippet":"max-snippet:-1","max-image-preview":"max-image-preview:large","max-video-preview":"max-video-preview:-1"},"canonical":"https:\/\/oceanviewtenerife.es\/producto\/apt-306\/","og_locale":"en_US","og_type":"article","og_title":"Apt 306 - oceanviewtenerife.es","og_description":"Apt 306 (ES)  Disfrute de una estancia verdaderamente exclusiva en este elegante apartamento con una impresionante terraza de 50 m\u00b2 con vistas al Atl\u00e1ntico. Totalmente renovado con acabados de alta gama, ofrece la combinaci\u00f3n perfecta de estilo, comodidad y vistas panor\u00e1micas. Ideal para parejas o viajeros que buscan algo especial en Tenerife.  1 dormitorio, sal\u00f3n con sof\u00e1 cama (m\u00e1ximo 4 personas)   &nbsp;  Apt 306 (EN)  Enjoy a truly exclusive stay in this elegant apartment with a stunning 50m\u00b2 terrace overlooking the Atlantic. Fully renovated with high-end finishes, it offers the perfect blend of style, comfort, and panoramic views. Ideal for couples or solo travelers seeking something special in Tenerife.  1 bedroom 1 living room with one sof\u00e1 bed (4 guest max)","og_url":"https:\/\/oceanviewtenerife.es\/producto\/apt-306\/","og_site_name":"oceanviewtenerife.es","article_modified_time":"2025-07-04T16:30:46+00:00","og_image":[{"width":1438,"height":1080,"url":"https:\/\/oceanviewtenerife.es\/wp-content\/uploads\/2023\/09\/apt-306-50.jpg","type":"image\/jpeg"}],"twitter_card":"summary_large_image","twitter_misc":{"Est. reading time":"1 minute"},"schema":{"@context":"https:\/\/schema.org","@graph":[{"@type":"WebPage","@id":"https:\/\/oceanviewtenerife.es\/producto\/apt-306\/","url":"https:\/\/oceanviewtenerife.es\/producto\/apt-306\/","name":"Apt 306 - oceanviewtenerife.es","isPartOf":{"@id":"https:\/\/oceanviewtenerife.es\/#website"},"datePublished":"2023-09-06T20:58:06+00:00","dateModified":"2025-07-04T16:30:46+00:00","breadcrumb":{"@id":"https:\/\/oceanviewtenerife.es\/producto\/apt-306\/#breadcrumb"},"inLanguage":"en-US","potentialAction":[{"@type":"ReadAction","target":["https:\/\/oceanviewtenerife.es\/producto\/apt-306\/"]}]},{"@type":"BreadcrumbList","@id":"https:\/\/oceanviewtenerife.es\/producto\/apt-306\/#breadcrumb","itemListElement":[{"@type":"ListItem","position":1,"name":"Portada","item":"https:\/\/oceanviewtenerife.es\/"},{"@type":"ListItem","position":2,"name":"Tienda","item":"https:\/\/oceanviewtenerife.es\/tienda\/"},{"@type":"ListItem","position":3,"name":"Apt 306"}]},{"@type":"WebSite","@id":"https:\/\/oceanviewtenerife.es\/#website","url":"https:\/\/oceanviewtenerife.es\/","name":"oceanviewtenerife.es","description":"Tu mejor vista al mar","publisher":{"@id":"https:\/\/oceanviewtenerife.es\/#organization"},"potentialAction":[{"@type":"SearchAction","target":{"@type":"EntryPoint","urlTemplate":"https:\/\/oceanviewtenerife.es\/?s={search_term_string}"},"query-input":"required name=search_term_string"}],"inLanguage":"en-US"},{"@type":"Organization","@id":"https:\/\/oceanviewtenerife.es\/#organization","name":"oceanviewtenerife.es","url":"https:\/\/oceanviewtenerife.es\/","logo":{"@type":"ImageObject","inLanguage":"en-US","@id":"https:\/\/oceanviewtenerife.es\/#\/schema\/logo\/image\/","url":"https:\/\/oceanviewtenerife.es\/wp-content\/uploads\/2023\/09\/logo200x.png","contentUrl":"https:\/\/oceanviewtenerife.es\/wp-content\/uploads\/2023\/09\/logo200x.png","width":200,"height":167,"caption":"oceanviewtenerife.es"},"image":{"@id":"https:\/\/oceanviewtenerife.es\/#\/schema\/logo\/image\/"}}]}},"_links":{"self":[{"href":"https:\/\/oceanviewtenerife.es\/en\/wp-json\/wp\/v2\/product\/6329"}],"collection":[{"href":"https:\/\/oceanviewtenerife.es\/en\/wp-json\/wp\/v2\/product"}],"about":[{"href":"https:\/\/oceanviewtenerife.es\/en\/wp-json\/wp\/v2\/types\/product"}],"replies":[{"embeddable":true,"href":"https:\/\/oceanviewtenerife.es\/en\/wp-json\/wp\/v2\/comments?post=6329"}],"wp:featuredmedia":[{"embeddable":true,"href":"https:\/\/oceanviewtenerife.es\/en\/wp-json\/wp\/v2\/media\/6070"}],"wp:attachment":[{"href":"https:\/\/oceanviewtenerife.es\/en\/wp-json\/wp\/v2\/media?parent=6329"}],"wp:term":[{"taxonomy":"product_cat","embeddable":true,"href":"https:\/\/oceanviewtenerife.es\/en\/wp-json\/wp\/v2\/product_cat?post=6329"},{"taxonomy":"product_tag","embeddable":true,"href":"https:\/\/oceanviewtenerife.es\/en\/wp-json\/wp\/v2\/product_tag?post=6329"}],"curies":[{"name":"wp","href":"https:\/\/api.w.org\/{rel}","templated":true}]}}